{"id":80,"date":"2016-10-24T16:19:44","date_gmt":"2016-10-24T16:19:44","guid":{"rendered":"http:\/\/rentals.blizzardinternet.com\/?page_id=80"},"modified":"2023-06-22T08:00:54","modified_gmt":"2023-06-22T15:00:54","slug":"politica-de-privacidad","status":"publish","type":"page","link":"https:\/\/ronivalvacations.com\/es\/privacy-policy\/","title":{"rendered":"Pol\u00edtica de privacidad"},"content":{"rendered":"<style type=\"text\/css\" data-created_by=\"avia_inline_auto\" id=\"style-css-av-qtc8-e17061faf48b73d91439b106c5f27bb7\">\n#top .av-special-heading.av-qtc8-e17061faf48b73d91439b106c5f27bb7{\npadding-bottom:30px;\n}\nbody .av-special-heading.av-qtc8-e17061faf48b73d91439b106c5f27bb7 .av-special-heading-tag .heading-char{\nfont-size:25px;\n}\n.av-special-heading.av-qtc8-e17061faf48b73d91439b106c5f27bb7 .av-subheading{\nfont-size:15px;\n}\n<\/style>\n<div  class='av-special-heading av-qtc8-e17061faf48b73d91439b106c5f27bb7 av-special-heading-h1 blockquote modern-quote modern-centered  avia-builder-el-0  el_before_av_textblock  avia-builder-el-first'><h1 class='av-special-heading-tag'  itemprop=\"headline\"  >Pol\u00edtica de privacidad de Ronival Vacations<\/h1><div class=\"special-heading-border\"><div class=\"special-heading-inner-border\"><\/div><\/div><\/div>\n<section  class='av_textblock_section av-zoxs-3512d7af495b653033df79064a3d588c'   itemscope=\"itemscope\" itemtype=\"https:\/\/schema.org\/CreativeWork\" ><div class='avia_textblock'  itemprop=\"text\" ><p>Ronival Vacations opera el sitio web https:\/\/www.ronivalvacations.com\/, que presta el SERVICIO.<\/p>\n<p>Esta p\u00e1gina se utiliza para informar a los visitantes del sitio web con respecto a nuestras pol\u00edticas con la recopilaci\u00f3n, uso y divulgaci\u00f3n de Informaci\u00f3n Personal si alguien decide utilizar nuestro Servicio, el sitio web de Ronival Vacations.<\/p>\n<p>Si decide utilizar nuestro Servicio, acepta la recopilaci\u00f3n y el uso de informaci\u00f3n en relaci\u00f3n con esta pol\u00edtica. La informaci\u00f3n personal que recopilamos se utiliza para proporcionar y mejorar el Servicio. No utilizaremos ni compartiremos su informaci\u00f3n con nadie excepto en los casos descritos en esta Pol\u00edtica de Privacidad.<\/p>\n<p>Los t\u00e9rminos utilizados en esta Pol\u00edtica de Privacidad tienen el mismo significado que en nuestros T\u00e9rminos y Condiciones, accesibles en https:\/\/www.ronivalvacations.com\/, a menos que se definan de otro modo en esta Pol\u00edtica de Privacidad.<\/p>\n<h2>Recogida y uso de la informaci\u00f3n<\/h2>\n<p>Para una mejor experiencia al utilizar nuestro Servicio, podemos pedirle que nos proporcione cierta informaci\u00f3n de identificaci\u00f3n personal, incluyendo pero no limitado a su nombre, n\u00famero de tel\u00e9fono y direcci\u00f3n postal. La informaci\u00f3n que recopilemos se utilizar\u00e1 para ponernos en contacto con usted o identificarle.<\/p>\n<h2>Datos de registro<\/h2>\n<p>Queremos informarle de que cada vez que visita nuestro Servicio, recopilamos informaci\u00f3n que su navegador nos env\u00eda y que se denomina Datos de Registro. Estos Datos de Registro pueden incluir informaci\u00f3n como la direcci\u00f3n de Protocolo de Internet (\"IP\") de su ordenador, la versi\u00f3n del navegador, las p\u00e1ginas de nuestro Servicio que visita, la hora y la fecha de su visita, el tiempo empleado en esas p\u00e1ginas y otras estad\u00edsticas.<\/p>\n<h2>Cookies<\/h2>\n<p>Las cookies son archivos con una peque\u00f1a cantidad de datos que se utilizan habitualmente como identificador \u00fanico an\u00f3nimo. Se env\u00edan a su navegador desde el sitio web que visita y se almacenan en el disco duro de su ordenador.<\/p>\n<p>Nuestro sitio web utiliza estas \"cookies\" para recopilar informaci\u00f3n y mejorar nuestro Servicio. Usted tiene la opci\u00f3n de aceptar o rechazar estas cookies, y saber cu\u00e1ndo se env\u00eda una cookie a su ordenador. Si decide rechazar nuestras cookies, es posible que no pueda utilizar algunas partes de nuestro Servicio.<\/p>\n<h2>Proveedores de servicios<\/h2>\n<p>Podemos contratar a terceras empresas y particulares por los motivos que se exponen a continuaci\u00f3n:<\/p>\n<ul>\n<li>Para facilitar nuestro Servicio;<\/li>\n<li>Para prestar el Servicio en nuestro nombre;<\/li>\n<li>Para prestar servicios relacionados con el Servicio; o<\/li>\n<li>Para ayudarnos a analizar c\u00f3mo se utiliza nuestro Servicio.<\/li>\n<\/ul>\n<p>Queremos informar a los usuarios de nuestros Servicios de que estos terceros tienen acceso a sus Datos Personales. El motivo es realizar las tareas que se les asignan en nuestro nombre. No obstante, est\u00e1n obligados a no divulgar ni utilizar la informaci\u00f3n para ning\u00fan otro fin.<\/p>\n<h2>Seguridad<\/h2>\n<p>Valoramos su confianza al proporcionarnos sus Datos Personales, por lo que nos esforzamos por utilizar medios comercialmente aceptables para protegerlos. Pero recuerde que ning\u00fan m\u00e9todo de transmisi\u00f3n a trav\u00e9s de Internet, o m\u00e9todo de almacenamiento electr\u00f3nico es 100% seguro y fiable, y no podemos garantizar su absoluta seguridad.<\/p>\n<h2>Enlaces a otros sitios<\/h2>\n<p>Nuestro Servicio puede contener enlaces a otros sitios. Si hace clic en un enlace de terceros, ser\u00e1 dirigido a ese sitio. Tenga en cuenta que estos sitios externos no son operados por nosotros. Por lo tanto, le recomendamos encarecidamente que revise la Pol\u00edtica de Privacidad de estos sitios web. No tenemos ning\u00fan control ni asumimos ninguna responsabilidad por el contenido, las pol\u00edticas de privacidad o las pr\u00e1cticas de los sitios o servicios de terceros.<\/p>\n<p>Privacidad infantil<\/p>\n<p>Nuestros Servicios no est\u00e1n dirigidos a menores de 13 a\u00f1os. No recopilamos conscientemente informaci\u00f3n personal identificable de ni\u00f1os menores de 13 a\u00f1os. En caso de que descubramos que un menor de 13 a\u00f1os nos ha proporcionado informaci\u00f3n personal, la eliminaremos inmediatamente de nuestros servidores. Si usted es padre o tutor y tiene conocimiento de que su hijo nos ha proporcionado informaci\u00f3n personal, p\u00f3ngase en contacto con nosotros para que podamos tomar las medidas necesarias.<\/p>\n<h2>Cambios en esta pol\u00edtica de privacidad<\/h2>\n<p>Es posible que actualicemos nuestra Pol\u00edtica de Privacidad de vez en cuando. Por ello, le aconsejamos que revise peri\u00f3dicamente esta p\u00e1gina para comprobar si se han producido cambios. Le notificaremos cualquier cambio publicando la nueva Pol\u00edtica de Privacidad en esta p\u00e1gina. Estos cambios entrar\u00e1n en vigor inmediatamente despu\u00e9s de su publicaci\u00f3n en esta p\u00e1gina.<\/p>\n<p>Nuestra Pol\u00edtica de privacidad se cre\u00f3 con la ayuda de la <a href=\"https:\/\/www.termsfeed.com\/blog\/sample-privacy-policy-template\/\">Plantilla de pol\u00edtica de privacidad<\/a>.<\/p>\n<h2>Contacte con nosotros<\/h2>\n<p>Si tiene alguna pregunta o sugerencia sobre nuestra Pol\u00edtica de privacidad, no dude en ponerse en contacto con nosotros.<\/p>\n<\/div><\/section>","protected":false},"excerpt":{"rendered":"","protected":false},"author":6,"featured_media":0,"parent":0,"menu_order":0,"comment_status":"closed","ping_status":"closed","template":"","meta":{"footnotes":""},"class_list":["post-80","page","type-page","status-publish","hentry"],"yoast_head":"<!-- This site is optimized with the Yoast SEO plugin v27.2 - https:\/\/yoast.com\/product\/yoast-seo-wordpress\/ -->\n<title>Privacy Policy | Ronival Vacations<\/title>\n<meta name=\"robots\" content=\"index, follow, max-snippet:-1, max-image-preview:large, max-video-preview:-1\" \/>\n<link rel=\"canonical\" href=\"https:\/\/ronivalvacations.com\/es\/politica-de-privacidad\/\" \/>\n<meta property=\"og:locale\" content=\"es_MX\" \/>\n<meta property=\"og:type\" content=\"article\" \/>\n<meta property=\"og:title\" content=\"Privacy Policy | Ronival Vacations\" \/>\n<meta property=\"og:url\" content=\"https:\/\/ronivalvacations.com\/es\/politica-de-privacidad\/\" \/>\n<meta property=\"og:site_name\" content=\"Ronival Vacations\" \/>\n<meta property=\"article:publisher\" content=\"https:\/\/www.facebook.com\/PropertyManagementLosCabos\" \/>\n<meta property=\"article:modified_time\" content=\"2023-06-22T15:00:54+00:00\" \/>\n<meta property=\"og:image\" content=\"https:\/\/ronivalvacations.com\/wp-content\/uploads\/lands-end-beach-cabo-mexico.jpg\" \/>\n\t<meta property=\"og:image:width\" content=\"450\" \/>\n\t<meta property=\"og:image:height\" content=\"350\" \/>\n\t<meta property=\"og:image:type\" content=\"image\/jpeg\" \/>\n<meta name=\"twitter:card\" content=\"summary_large_image\" \/>\n<meta name=\"twitter:label1\" content=\"Est. reading time\" \/>\n\t<meta name=\"twitter:data1\" content=\"4 minutos\" \/>\n<script type=\"application\/ld+json\" class=\"yoast-schema-graph\">{\"@context\":\"https:\/\/schema.org\",\"@graph\":[{\"@type\":\"WebPage\",\"@id\":\"https:\/\/ronivalvacations.com\/privacy-policy\/\",\"url\":\"https:\/\/ronivalvacations.com\/privacy-policy\/\",\"name\":\"Privacy Policy | Ronival Vacations\",\"isPartOf\":{\"@id\":\"https:\/\/ronivalvacations.com\/#website\"},\"datePublished\":\"2016-10-24T16:19:44+00:00\",\"dateModified\":\"2023-06-22T15:00:54+00:00\",\"breadcrumb\":{\"@id\":\"https:\/\/ronivalvacations.com\/privacy-policy\/#breadcrumb\"},\"inLanguage\":\"es\",\"potentialAction\":[{\"@type\":\"ReadAction\",\"target\":[\"https:\/\/ronivalvacations.com\/privacy-policy\/\"]}]},{\"@type\":\"BreadcrumbList\",\"@id\":\"https:\/\/ronivalvacations.com\/privacy-policy\/#breadcrumb\",\"itemListElement\":[{\"@type\":\"ListItem\",\"position\":1,\"name\":\"Home\",\"item\":\"https:\/\/ronivalvacations.com\/\"},{\"@type\":\"ListItem\",\"position\":2,\"name\":\"Privacy Policy\"}]},{\"@type\":\"WebSite\",\"@id\":\"https:\/\/ronivalvacations.com\/#website\",\"url\":\"https:\/\/ronivalvacations.com\/\",\"name\":\"Ronival Vacations\",\"description\":\"A Unique Travel Experience\",\"publisher\":{\"@id\":\"https:\/\/ronivalvacations.com\/#organization\"},\"potentialAction\":[{\"@type\":\"SearchAction\",\"target\":{\"@type\":\"EntryPoint\",\"urlTemplate\":\"https:\/\/ronivalvacations.com\/?s={search_term_string}\"},\"query-input\":{\"@type\":\"PropertyValueSpecification\",\"valueRequired\":true,\"valueName\":\"search_term_string\"}}],\"inLanguage\":\"es\"},{\"@type\":\"Organization\",\"@id\":\"https:\/\/ronivalvacations.com\/#organization\",\"name\":\"Ronival Vacations\",\"url\":\"https:\/\/ronivalvacations.com\/\",\"logo\":{\"@type\":\"ImageObject\",\"inLanguage\":\"es\",\"@id\":\"https:\/\/ronivalvacations.com\/#\/schema\/logo\/image\/\",\"url\":\"https:\/\/ronivalvacations.com\/wp-content\/uploads\/ronival-vacations-logo.png\",\"contentUrl\":\"https:\/\/ronivalvacations.com\/wp-content\/uploads\/ronival-vacations-logo.png\",\"width\":680,\"height\":312,\"caption\":\"Ronival Vacations\"},\"image\":{\"@id\":\"https:\/\/ronivalvacations.com\/#\/schema\/logo\/image\/\"},\"sameAs\":[\"https:\/\/www.facebook.com\/PropertyManagementLosCabos\",\"https:\/\/www.instagram.com\/ronivalvacations\/\",\"https:\/\/www.linkedin.com\/in\/ronival\/\"]}]}<\/script>\n<!-- \/ Yoast SEO plugin. -->","yoast_head_json":{"title":"Pol\u00edtica de privacidad | Ronival Vacations","robots":{"index":"index","follow":"follow","max-snippet":"max-snippet:-1","max-image-preview":"max-image-preview:large","max-video-preview":"max-video-preview:-1"},"canonical":"https:\/\/ronivalvacations.com\/es\/politica-de-privacidad\/","og_locale":"es_MX","og_type":"article","og_title":"Privacy Policy | Ronival Vacations","og_url":"https:\/\/ronivalvacations.com\/es\/politica-de-privacidad\/","og_site_name":"Ronival Vacations","article_publisher":"https:\/\/www.facebook.com\/PropertyManagementLosCabos","article_modified_time":"2023-06-22T15:00:54+00:00","og_image":[{"width":450,"height":350,"url":"https:\/\/ronivalvacations.com\/wp-content\/uploads\/lands-end-beach-cabo-mexico.jpg","type":"image\/jpeg"}],"twitter_card":"summary_large_image","twitter_misc":{"Est. reading time":"4 minutos"},"schema":{"@context":"https:\/\/schema.org","@graph":[{"@type":"WebPage","@id":"https:\/\/ronivalvacations.com\/privacy-policy\/","url":"https:\/\/ronivalvacations.com\/privacy-policy\/","name":"Pol\u00edtica de privacidad | Ronival Vacations","isPartOf":{"@id":"https:\/\/ronivalvacations.com\/#website"},"datePublished":"2016-10-24T16:19:44+00:00","dateModified":"2023-06-22T15:00:54+00:00","breadcrumb":{"@id":"https:\/\/ronivalvacations.com\/privacy-policy\/#breadcrumb"},"inLanguage":"es","potentialAction":[{"@type":"ReadAction","target":["https:\/\/ronivalvacations.com\/privacy-policy\/"]}]},{"@type":"BreadcrumbList","@id":"https:\/\/ronivalvacations.com\/privacy-policy\/#breadcrumb","itemListElement":[{"@type":"ListItem","position":1,"name":"Home","item":"https:\/\/ronivalvacations.com\/"},{"@type":"ListItem","position":2,"name":"Privacy Policy"}]},{"@type":"WebSite","@id":"https:\/\/ronivalvacations.com\/#website","url":"https:\/\/ronivalvacations.com\/","name":"Vacaciones en Ronival","description":"Una experiencia de viaje \u00fanica","publisher":{"@id":"https:\/\/ronivalvacations.com\/#organization"},"potentialAction":[{"@type":"SearchAction","target":{"@type":"EntryPoint","urlTemplate":"https:\/\/ronivalvacations.com\/?s={search_term_string}"},"query-input":{"@type":"PropertyValueSpecification","valueRequired":true,"valueName":"search_term_string"}}],"inLanguage":"es"},{"@type":"Organization","@id":"https:\/\/ronivalvacations.com\/#organization","name":"Vacaciones en Ronival","url":"https:\/\/ronivalvacations.com\/","logo":{"@type":"ImageObject","inLanguage":"es","@id":"https:\/\/ronivalvacations.com\/#\/schema\/logo\/image\/","url":"https:\/\/ronivalvacations.com\/wp-content\/uploads\/ronival-vacations-logo.png","contentUrl":"https:\/\/ronivalvacations.com\/wp-content\/uploads\/ronival-vacations-logo.png","width":680,"height":312,"caption":"Ronival Vacations"},"image":{"@id":"https:\/\/ronivalvacations.com\/#\/schema\/logo\/image\/"},"sameAs":["https:\/\/www.facebook.com\/PropertyManagementLosCabos","https:\/\/www.instagram.com\/ronivalvacations\/","https:\/\/www.linkedin.com\/in\/ronival\/"]}]}},"_links":{"self":[{"href":"https:\/\/ronivalvacations.com\/es\/wp-json\/wp\/v2\/pages\/80","targetHints":{"allow":["GET"]}}],"collection":[{"href":"https:\/\/ronivalvacations.com\/es\/wp-json\/wp\/v2\/pages"}],"about":[{"href":"https:\/\/ronivalvacations.com\/es\/wp-json\/wp\/v2\/types\/page"}],"author":[{"embeddable":true,"href":"https:\/\/ronivalvacations.com\/es\/wp-json\/wp\/v2\/users\/6"}],"replies":[{"embeddable":true,"href":"https:\/\/ronivalvacations.com\/es\/wp-json\/wp\/v2\/comments?post=80"}],"version-history":[{"count":0,"href":"https:\/\/ronivalvacations.com\/es\/wp-json\/wp\/v2\/pages\/80\/revisions"}],"wp:attachment":[{"href":"https:\/\/ronivalvacations.com\/es\/wp-json\/wp\/v2\/media?parent=80"}],"curies":[{"name":"wp","href":"https:\/\/api.w.org\/{rel}","templated":true}]}}