{"id":3824,"date":"2026-01-21T16:43:43","date_gmt":"2026-01-21T23:43:43","guid":{"rendered":"https:\/\/ronivalvacations.com\/?page_id=3824"},"modified":"2026-03-30T11:57:44","modified_gmt":"2026-03-30T18:57:44","slug":"local-promotions-terms-conditions-2","status":"publish","type":"page","link":"https:\/\/ronivalvacations.com\/es\/local-promotions-terms-conditions-2\/","title":{"rendered":"Promociones para Locales: T\u00e9rminos y Condiciones"},"content":{"rendered":"<div id='av_section_1'  class='avia-section av-8rcqnv-f40f3430e6f0676ee26051ee1bfc33cb main_color avia-section-no-padding avia-no-border-styling  avia-builder-el-0  el_before_av_section  avia-builder-el-first  avia-bg-style-scroll container_wrap fullsize'  ><div class='container av-section-cont-open' ><main  role=\"main\" itemprop=\"mainContentOfPage\"  class='template-page content  av-content-full alpha units'><div class='post-entry post-entry-type-page post-entry-3824'><div class='entry-content-wrapper clearfix'>\n\n<style type=\"text\/css\" data-created_by=\"avia_inline_auto\" id=\"style-css-av-se0sr-aafe563c4f88ff5760644ce723582e82\">\n.avia-image-container.av-se0sr-aafe563c4f88ff5760644ce723582e82 img.avia_image{\nbox-shadow:none;\n}\n.avia-image-container.av-se0sr-aafe563c4f88ff5760644ce723582e82 .av-image-caption-overlay-center{\ncolor:#ffffff;\n}\n<\/style>\n<div  class='avia-image-container av-se0sr-aafe563c4f88ff5760644ce723582e82 av-styling- av-img-linked avia_animated_image av-animated-when-visible-95 pop-up avia-align-center  avia-builder-el-1  avia-builder-el-no-sibling'   itemprop=\"image\" itemscope=\"itemscope\" itemtype=\"https:\/\/schema.org\/ImageObject\" ><div class=\"avia-image-container-inner\"><div class=\"avia-image-overlay-wrap\"><a href=\"https:\/\/api.whatsapp.com\/send?phone=16195137726&amp;text=%20Hola%2C%20me%20gustar%C3%ADa%20acceder%20a%20mi%20beneficio%20de%20local...\" class='avia_image'  aria-label='OP2 - Flyer Descuento Locales - Conta\u0301ctanos'><img decoding=\"async\" fetchpriority=\"high\" class='wp-image-3844 avia-img-lazy-loading-not-3844 avia_image' src=\"https:\/\/ronivalvacations.com\/wp-content\/uploads\/OP2-Flyer-Descuento-Locales-Contactanos-1500x375.jpg\" alt='' title='OP2 - Flyer Descuento Locales - Conta\u0301ctanos'  height=\"375\" width=\"1500\"  itemprop=\"thumbnailUrl\" srcset=\"https:\/\/ronivalvacations.com\/wp-content\/uploads\/OP2-Flyer-Descuento-Locales-Contactanos-1500x375.jpg 1500w, https:\/\/ronivalvacations.com\/wp-content\/uploads\/OP2-Flyer-Descuento-Locales-Contactanos-300x75.jpg 300w, https:\/\/ronivalvacations.com\/wp-content\/uploads\/OP2-Flyer-Descuento-Locales-Contactanos-1030x258.jpg 1030w, https:\/\/ronivalvacations.com\/wp-content\/uploads\/OP2-Flyer-Descuento-Locales-Contactanos-768x192.jpg 768w, https:\/\/ronivalvacations.com\/wp-content\/uploads\/OP2-Flyer-Descuento-Locales-Contactanos-1536x384.jpg 1536w, https:\/\/ronivalvacations.com\/wp-content\/uploads\/OP2-Flyer-Descuento-Locales-Contactanos-18x5.jpg 18w, https:\/\/ronivalvacations.com\/wp-content\/uploads\/OP2-Flyer-Descuento-Locales-Contactanos-705x176.jpg 705w, https:\/\/ronivalvacations.com\/wp-content\/uploads\/OP2-Flyer-Descuento-Locales-Contactanos.jpg 1831w\" sizes=\"(max-width: 1500px) 100vw, 1500px\" \/><\/a><\/div><\/div><\/div>\n\n<\/div><\/div><\/main><!-- close content main element --><\/div><\/div><div id='av_section_2'  class='avia-section av-5t5frv-f2335822ae504ca4b39ba9cfb504fab7 main_color avia-section-large avia-no-border-styling  avia-builder-el-2  el_after_av_section  el_before_av_section  avia-bg-style-scroll container_wrap fullsize'  ><div class='container av-section-cont-open' ><div class='template-page content  av-content-full alpha units'><div class='post-entry post-entry-type-page post-entry-3824'><div class='entry-content-wrapper clearfix'>\n\n<style type=\"text\/css\" data-created_by=\"avia_inline_auto\" id=\"style-css-av-mhxox5pr-7545bfd2c967d26fb2e71c4d4deb79d6\">\n#top .av-special-heading.av-mhxox5pr-7545bfd2c967d26fb2e71c4d4deb79d6{\npadding-bottom:10px;\ncolor:#707070;\n}\nbody .av-special-heading.av-mhxox5pr-7545bfd2c967d26fb2e71c4d4deb79d6 .av-special-heading-tag .heading-char{\nfont-size:25px;\n}\n.av-special-heading.av-mhxox5pr-7545bfd2c967d26fb2e71c4d4deb79d6 .special-heading-inner-border{\nborder-color:#707070;\n}\n.av-special-heading.av-mhxox5pr-7545bfd2c967d26fb2e71c4d4deb79d6 .av-subheading{\nfont-size:15px;\n}\n<\/style>\n<div  class='av-special-heading av-mhxox5pr-7545bfd2c967d26fb2e71c4d4deb79d6 av-special-heading-h1 custom-color-heading blockquote modern-quote modern-centered  avia-builder-el-3  el_before_av_textblock  avia-builder-el-first'><h1 class='av-special-heading-tag'  itemprop=\"headline\"  >T\u00e9rminos y condiciones<\/h1><div class=\"special-heading-border\"><div class=\"special-heading-inner-border\"><\/div><\/div><\/div>\n<section  class='av_textblock_section av-mhxp4bzl-87acec424a1db025628c8f0d343a676d'   itemscope=\"itemscope\" itemtype=\"https:\/\/schema.org\/CreativeWork\" ><div class='avia_textblock'  itemprop=\"text\" ><ul>\n<li data-start=\"334\" data-end=\"397\">\n<p data-start=\"336\" data-end=\"397\">La promoci\u00f3n aplica \u00fanicamente para <strong data-start=\"372\" data-end=\"394\">residentes locales de Baja California Sur<\/strong>.<\/p>\n<\/li>\n<li data-start=\"398\" data-end=\"548\">\n<p data-start=\"400\" data-end=\"548\">El <strong data-start=\"403\" data-end=\"424\">25\u202f% de descuento<\/strong> aplica solo en <strong data-start=\"440\" data-end=\"469\">propiedades seleccionadas<\/strong> y <strong data-start=\"472\" data-end=\"526\">sujetas a disponibilidad al momento de contactarse<\/strong> con nuestro equipo.<\/p>\n<\/li>\n<li data-start=\"549\" data-end=\"677\">\n<p data-start=\"551\" data-end=\"677\">Las reservas deben realizarse <strong data-start=\"581\" data-end=\"640\">exclusivamente a trav\u00e9s del equipo de Ronival Vacations<\/strong>, no directamente en la p\u00e1gina web.<\/p>\n<\/li>\n<li data-start=\"678\" data-end=\"760\">\n<p data-start=\"680\" data-end=\"760\">La promoci\u00f3n <strong data-start=\"693\" data-end=\"713\">no es acumulable<\/strong> con otras ofertas, descuentos o promociones.<\/p>\n<\/li>\n<li data-start=\"678\" data-end=\"760\">Reserva m\u00ednima de<strong> 2\u00a0noches para obtener el descuento.\u00a0<\/strong><\/li>\n<li data-start=\"761\" data-end=\"962\">\n<p data-start=\"763\" data-end=\"962\">Para acceder al descuento y a la cuponera de partners exclusivos, es necesario contactar a Ronival Vacations y <strong>comprobar la residencia local con cualquier documento v\u00e1lido que lo demuestre.<\/strong><\/p>\n<\/li>\n<li data-start=\"963\" data-end=\"1210\">\n<p data-start=\"965\" data-end=\"1210\">Los <strong data-start=\"969\" data-end=\"1027\">cupones de los partners est\u00e1n sujetos a disponibilidad<\/strong> y pueden cambiar seg\u00fan nuestros acuerdos con cada partner; por ello, se debe <strong data-start=\"1105\" data-end=\"1157\">contactar al equipo para aplicar cualquier cup\u00f3n<\/strong>, y se informar\u00e1 en ese momento si est\u00e1 disponible.<\/p>\n<\/li>\n<li data-start=\"1211\" data-end=\"1323\">\n<p data-start=\"1213\" data-end=\"1323\">Los <strong data-start=\"1217\" data-end=\"1254\">descuentos de concierge y cupones<\/strong> deben canjearse <strong data-start=\"1271\" data-end=\"1320\">a trav\u00e9s de nuestro equipo en <a class=\"decorated-link cursor-pointer\" rel=\"noopener\" data-start=\"1303\" data-end=\"1318\">gse@ronival.com<\/a><\/strong>.<\/p>\n<\/li>\n<li data-start=\"1412\" data-end=\"1634\">\n<p data-start=\"1414\" data-end=\"1634\">Ronival Vacations se reserva el derecho de <strong data-start=\"1457\" data-end=\"1515\">modificar o cancelar la promoci\u00f3n en cualquier momento<\/strong>, as\u00ed como de <strong data-start=\"1529\" data-end=\"1581\">verificar la elegibilidad y rechazar redenciones<\/strong> que no cumplan con los requisitos de la promoci\u00f3n.<\/p>\n<\/li>\n<li data-start=\"1412\" data-end=\"1634\">Aplican pol\u00edticas est\u00e1ndar de reserva y cancelaci\u00f3n<\/li>\n<\/ul>\n<\/div><\/section>\n<\/div><\/div><\/div><!-- close content main div --><\/div><\/div>\n<style type=\"text\/css\" data-created_by=\"avia_inline_auto\" id=\"style-css-av-4p06gb-20ba866aa0695eb7b842feb16f622288\">\n.avia-section.av-4p06gb-20ba866aa0695eb7b842feb16f622288{\nbackground-color:#3e6664;\nbackground-image:unset;\n}\n<\/style>\n<div id='av_section_3'  class='avia-section av-4p06gb-20ba866aa0695eb7b842feb16f622288 main_color avia-section-large avia-no-border-styling  avia-builder-el-5  el_after_av_section  avia-builder-el-last  avia-bg-style-scroll container_wrap fullsize'  ><div class='container av-section-cont-open' ><div class='template-page content  av-content-full alpha units'><div class='post-entry post-entry-type-page post-entry-3824'><div class='entry-content-wrapper clearfix'>\n\n<style type=\"text\/css\" data-created_by=\"avia_inline_auto\" id=\"style-css-av-2gvnuz-39ab1db8b3b31480a2d32dfae660fac7\">\n#top .av-special-heading.av-2gvnuz-39ab1db8b3b31480a2d32dfae660fac7{\npadding-bottom:20px;\ncolor:#ffffff;\n}\nbody .av-special-heading.av-2gvnuz-39ab1db8b3b31480a2d32dfae660fac7 .av-special-heading-tag .heading-char{\nfont-size:25px;\n}\n.av-special-heading.av-2gvnuz-39ab1db8b3b31480a2d32dfae660fac7 .special-heading-inner-border{\nborder-color:#ffffff;\n}\n.av-special-heading.av-2gvnuz-39ab1db8b3b31480a2d32dfae660fac7 .av-subheading{\nfont-size:15px;\n}\n<\/style>\n<div  class='av-special-heading av-2gvnuz-39ab1db8b3b31480a2d32dfae660fac7 av-special-heading-h3 custom-color-heading blockquote modern-quote modern-centered  avia-builder-el-6  el_before_av_textblock  avia-builder-el-first'><h3 class='av-special-heading-tag'  itemprop=\"headline\"  >CONTACT US<\/h3><div class=\"special-heading-border\"><div class=\"special-heading-inner-border\"><\/div><\/div><\/div>\n\n<style type=\"text\/css\" data-created_by=\"avia_inline_auto\" id=\"style-css-av-mhxp4ie7-56acfb5c25f568817d3df6d265df8d2f\">\n#top .av_textblock_section.av-mhxp4ie7-56acfb5c25f568817d3df6d265df8d2f .avia_textblock{\ncolor:#ffffff;\n}\n<\/style>\n<section  class='av_textblock_section av-mhxp4ie7-56acfb5c25f568817d3df6d265df8d2f'   itemscope=\"itemscope\" itemtype=\"https:\/\/schema.org\/CreativeWork\" ><div class='avia_textblock av_inherit_color'  itemprop=\"text\" ><p style=\"text-align: center;\">Phone US +(619) 513-7726 | MX +52 624 100 6420<\/p>\n<p style=\"text-align: center;\">Km 4.5 Carretera Transpeninsular Plaza Transpeninsular<br \/>\nEl Tezal, 23454 Cabo San Lucas, B.C.S.<\/p>\n<p style=\"text-align: center;\">Terms and Conditions<br \/>\nEarly &amp; Late Check-Out (Subject to availability) | Flexibility for Changes (Subject to Availability)<\/p>\n<\/div><\/section>\n<\/p>","protected":false},"excerpt":{"rendered":"","protected":false},"author":16,"featured_media":0,"parent":0,"menu_order":0,"comment_status":"closed","ping_status":"closed","template":"","meta":{"footnotes":""},"class_list":["post-3824","page","type-page","status-publish","hentry"],"yoast_head":"<!-- This site is optimized with the Yoast SEO plugin v27.2 - https:\/\/yoast.com\/product\/yoast-seo-wordpress\/ -->\n<title>Promociones para Locales: T\u00e9rminos y Condiciones | Ronival Vacations<\/title>\n<meta name=\"robots\" content=\"index, follow, max-snippet:-1, max-image-preview:large, max-video-preview:-1\" \/>\n<link rel=\"canonical\" href=\"https:\/\/ronivalvacations.com\/es\/local-promotions-terms-conditions-2\/\" \/>\n<meta property=\"og:locale\" content=\"es_MX\" \/>\n<meta property=\"og:type\" content=\"article\" \/>\n<meta property=\"og:title\" content=\"Promociones para Locales: T\u00e9rminos y Condiciones | Ronival Vacations\" \/>\n<meta property=\"og:url\" content=\"https:\/\/ronivalvacations.com\/es\/local-promotions-terms-conditions-2\/\" \/>\n<meta property=\"og:site_name\" content=\"Ronival Vacations\" \/>\n<meta property=\"article:publisher\" content=\"https:\/\/www.facebook.com\/PropertyManagementLosCabos\" \/>\n<meta property=\"article:modified_time\" content=\"2026-03-30T18:57:44+00:00\" \/>\n<meta property=\"og:image\" content=\"https:\/\/ronivalvacations.com\/wp-content\/uploads\/lands-end-beach-cabo-mexico.jpg\" \/>\n\t<meta property=\"og:image:width\" content=\"450\" \/>\n\t<meta property=\"og:image:height\" content=\"350\" \/>\n\t<meta property=\"og:image:type\" content=\"image\/jpeg\" \/>\n<meta name=\"twitter:card\" content=\"summary_large_image\" \/>\n<meta name=\"twitter:label1\" content=\"Est. reading time\" \/>\n\t<meta name=\"twitter:data1\" content=\"2 minutos\" \/>\n<script type=\"application\/ld+json\" class=\"yoast-schema-graph\">{\"@context\":\"https:\/\/schema.org\",\"@graph\":[{\"@type\":\"WebPage\",\"@id\":\"https:\/\/ronivalvacations.com\/local-promotions-terms-conditions-2\/\",\"url\":\"https:\/\/ronivalvacations.com\/local-promotions-terms-conditions-2\/\",\"name\":\"Promociones para Locales: T\u00e9rminos y Condiciones | Ronival Vacations\",\"isPartOf\":{\"@id\":\"https:\/\/ronivalvacations.com\/#website\"},\"datePublished\":\"2026-01-21T23:43:43+00:00\",\"dateModified\":\"2026-03-30T18:57:44+00:00\",\"breadcrumb\":{\"@id\":\"https:\/\/ronivalvacations.com\/local-promotions-terms-conditions-2\/#breadcrumb\"},\"inLanguage\":\"es\",\"potentialAction\":[{\"@type\":\"ReadAction\",\"target\":[\"https:\/\/ronivalvacations.com\/local-promotions-terms-conditions-2\/\"]}]},{\"@type\":\"BreadcrumbList\",\"@id\":\"https:\/\/ronivalvacations.com\/local-promotions-terms-conditions-2\/#breadcrumb\",\"itemListElement\":[{\"@type\":\"ListItem\",\"position\":1,\"name\":\"Home\",\"item\":\"https:\/\/ronivalvacations.com\/\"},{\"@type\":\"ListItem\",\"position\":2,\"name\":\"Promociones para Locales: T\u00e9rminos y Condiciones\"}]},{\"@type\":\"WebSite\",\"@id\":\"https:\/\/ronivalvacations.com\/#website\",\"url\":\"https:\/\/ronivalvacations.com\/\",\"name\":\"Ronival Vacations\",\"description\":\"A Unique Travel Experience\",\"publisher\":{\"@id\":\"https:\/\/ronivalvacations.com\/#organization\"},\"potentialAction\":[{\"@type\":\"SearchAction\",\"target\":{\"@type\":\"EntryPoint\",\"urlTemplate\":\"https:\/\/ronivalvacations.com\/?s={search_term_string}\"},\"query-input\":{\"@type\":\"PropertyValueSpecification\",\"valueRequired\":true,\"valueName\":\"search_term_string\"}}],\"inLanguage\":\"es\"},{\"@type\":\"Organization\",\"@id\":\"https:\/\/ronivalvacations.com\/#organization\",\"name\":\"Ronival Vacations\",\"url\":\"https:\/\/ronivalvacations.com\/\",\"logo\":{\"@type\":\"ImageObject\",\"inLanguage\":\"es\",\"@id\":\"https:\/\/ronivalvacations.com\/#\/schema\/logo\/image\/\",\"url\":\"https:\/\/ronivalvacations.com\/wp-content\/uploads\/ronival-vacations-logo.png\",\"contentUrl\":\"https:\/\/ronivalvacations.com\/wp-content\/uploads\/ronival-vacations-logo.png\",\"width\":680,\"height\":312,\"caption\":\"Ronival Vacations\"},\"image\":{\"@id\":\"https:\/\/ronivalvacations.com\/#\/schema\/logo\/image\/\"},\"sameAs\":[\"https:\/\/www.facebook.com\/PropertyManagementLosCabos\",\"https:\/\/www.instagram.com\/ronivalvacations\/\",\"https:\/\/www.linkedin.com\/in\/ronival\/\"]}]}<\/script>\n<!-- \/ Yoast SEO plugin. -->","yoast_head_json":{"title":"Promociones para Locales: T\u00e9rminos y Condiciones | Ronival Vacations","robots":{"index":"index","follow":"follow","max-snippet":"max-snippet:-1","max-image-preview":"max-image-preview:large","max-video-preview":"max-video-preview:-1"},"canonical":"https:\/\/ronivalvacations.com\/es\/local-promotions-terms-conditions-2\/","og_locale":"es_MX","og_type":"article","og_title":"Promociones para Locales: T\u00e9rminos y Condiciones | Ronival Vacations","og_url":"https:\/\/ronivalvacations.com\/es\/local-promotions-terms-conditions-2\/","og_site_name":"Ronival Vacations","article_publisher":"https:\/\/www.facebook.com\/PropertyManagementLosCabos","article_modified_time":"2026-03-30T18:57:44+00:00","og_image":[{"width":450,"height":350,"url":"https:\/\/ronivalvacations.com\/wp-content\/uploads\/lands-end-beach-cabo-mexico.jpg","type":"image\/jpeg"}],"twitter_card":"summary_large_image","twitter_misc":{"Est. reading time":"2 minutos"},"schema":{"@context":"https:\/\/schema.org","@graph":[{"@type":"WebPage","@id":"https:\/\/ronivalvacations.com\/local-promotions-terms-conditions-2\/","url":"https:\/\/ronivalvacations.com\/local-promotions-terms-conditions-2\/","name":"Promociones para Locales: T\u00e9rminos y Condiciones | Ronival Vacations","isPartOf":{"@id":"https:\/\/ronivalvacations.com\/#website"},"datePublished":"2026-01-21T23:43:43+00:00","dateModified":"2026-03-30T18:57:44+00:00","breadcrumb":{"@id":"https:\/\/ronivalvacations.com\/local-promotions-terms-conditions-2\/#breadcrumb"},"inLanguage":"es","potentialAction":[{"@type":"ReadAction","target":["https:\/\/ronivalvacations.com\/local-promotions-terms-conditions-2\/"]}]},{"@type":"BreadcrumbList","@id":"https:\/\/ronivalvacations.com\/local-promotions-terms-conditions-2\/#breadcrumb","itemListElement":[{"@type":"ListItem","position":1,"name":"Home","item":"https:\/\/ronivalvacations.com\/"},{"@type":"ListItem","position":2,"name":"Promociones para Locales: T\u00e9rminos y Condiciones"}]},{"@type":"WebSite","@id":"https:\/\/ronivalvacations.com\/#website","url":"https:\/\/ronivalvacations.com\/","name":"Vacaciones en Ronival","description":"Una experiencia de viaje \u00fanica","publisher":{"@id":"https:\/\/ronivalvacations.com\/#organization"},"potentialAction":[{"@type":"SearchAction","target":{"@type":"EntryPoint","urlTemplate":"https:\/\/ronivalvacations.com\/?s={search_term_string}"},"query-input":{"@type":"PropertyValueSpecification","valueRequired":true,"valueName":"search_term_string"}}],"inLanguage":"es"},{"@type":"Organization","@id":"https:\/\/ronivalvacations.com\/#organization","name":"Vacaciones en Ronival","url":"https:\/\/ronivalvacations.com\/","logo":{"@type":"ImageObject","inLanguage":"es","@id":"https:\/\/ronivalvacations.com\/#\/schema\/logo\/image\/","url":"https:\/\/ronivalvacations.com\/wp-content\/uploads\/ronival-vacations-logo.png","contentUrl":"https:\/\/ronivalvacations.com\/wp-content\/uploads\/ronival-vacations-logo.png","width":680,"height":312,"caption":"Ronival Vacations"},"image":{"@id":"https:\/\/ronivalvacations.com\/#\/schema\/logo\/image\/"},"sameAs":["https:\/\/www.facebook.com\/PropertyManagementLosCabos","https:\/\/www.instagram.com\/ronivalvacations\/","https:\/\/www.linkedin.com\/in\/ronival\/"]}]}},"_links":{"self":[{"href":"https:\/\/ronivalvacations.com\/es\/wp-json\/wp\/v2\/pages\/3824","targetHints":{"allow":["GET"]}}],"collection":[{"href":"https:\/\/ronivalvacations.com\/es\/wp-json\/wp\/v2\/pages"}],"about":[{"href":"https:\/\/ronivalvacations.com\/es\/wp-json\/wp\/v2\/types\/page"}],"author":[{"embeddable":true,"href":"https:\/\/ronivalvacations.com\/es\/wp-json\/wp\/v2\/users\/16"}],"replies":[{"embeddable":true,"href":"https:\/\/ronivalvacations.com\/es\/wp-json\/wp\/v2\/comments?post=3824"}],"version-history":[{"count":0,"href":"https:\/\/ronivalvacations.com\/es\/wp-json\/wp\/v2\/pages\/3824\/revisions"}],"wp:attachment":[{"href":"https:\/\/ronivalvacations.com\/es\/wp-json\/wp\/v2\/media?parent=3824"}],"curies":[{"name":"wp","href":"https:\/\/api.w.org\/{rel}","templated":true}]}}