{"id":3522,"date":"2025-12-13T10:04:40","date_gmt":"2025-12-13T17:04:40","guid":{"rendered":"https:\/\/ronivalvacations.com\/?page_id=3522"},"modified":"2026-03-30T17:18:52","modified_gmt":"2026-03-31T00:18:52","slug":"baja-california-sur-travel-blogs-los-cabos-cerritos-loreto","status":"publish","type":"page","link":"https:\/\/ronivalvacations.com\/es\/baja-california-sur-travel-blogs-los-cabos-cerritos-loreto\/","title":{"rendered":"Baja California Sur Travel Blogs: Los Cabos, Cerritos &#038; Loreto"},"content":{"rendered":"<div  class='flex_column av-1tvh36-efbcc0c20eddd0ec9cfe93a53b862123 av_one_full  avia-builder-el-0  el_before_av_one_full  avia-builder-el-first  first flex_column_div'     ><\/div>\n\n<style type=\"text\/css\" data-created_by=\"avia_inline_auto\" id=\"style-css-av-2h6lf6-d7d6eaeebc72e1afd25ca428e8e3ab6e\">\n#top .flex_column.av-2h6lf6-d7d6eaeebc72e1afd25ca428e8e3ab6e{\nmargin-top:-40px;\n}\n.responsive #top #wrap_all .flex_column.av-2h6lf6-d7d6eaeebc72e1afd25ca428e8e3ab6e{\nmargin-top:-40px;\n}\n<\/style>\n<div  class='flex_column av-2h6lf6-d7d6eaeebc72e1afd25ca428e8e3ab6e av_one_full  avia-builder-el-2  el_after_av_one_full  el_before_av_one_full  first flex_column_div  column-top-margin'     ><\/div>\n\n<style type=\"text\/css\" data-created_by=\"avia_inline_auto\" id=\"style-css-av-3a0ej6-402c3e35f5517f1c671da26fd8c58073\">\n#top .flex_column.av-3a0ej6-402c3e35f5517f1c671da26fd8c58073{\nmargin-top:-40px;\n}\n.responsive #top #wrap_all .flex_column.av-3a0ej6-402c3e35f5517f1c671da26fd8c58073{\nmargin-top:-40px;\n}\n<\/style>\n<div  class='flex_column av-3a0ej6-402c3e35f5517f1c671da26fd8c58073 av_one_full  avia-builder-el-4  el_after_av_one_full  el_before_av_one_full  first flex_column_div  column-top-margin'     ><\/div>\n\n<style type=\"text\/css\" data-created_by=\"avia_inline_auto\" id=\"style-css-av-2vefci-a6719eca3557172efe41174f71bf1e6b\">\n#top .flex_column.av-2vefci-a6719eca3557172efe41174f71bf1e6b{\nmargin-top:-40px;\n}\n.responsive #top #wrap_all .flex_column.av-2vefci-a6719eca3557172efe41174f71bf1e6b{\nmargin-top:-40px;\n}\n<\/style>\n<div  class='flex_column av-2vefci-a6719eca3557172efe41174f71bf1e6b av_one_full  avia-builder-el-6  el_after_av_one_full  avia-builder-el-last  first flex_column_div  column-top-margin'     ><\/div>","protected":false},"excerpt":{"rendered":"","protected":false},"author":16,"featured_media":0,"parent":0,"menu_order":0,"comment_status":"closed","ping_status":"closed","template":"","meta":{"footnotes":""},"class_list":["post-3522","page","type-page","status-publish","hentry"],"yoast_head":"<!-- This site is optimized with the Yoast SEO plugin v27.2 - https:\/\/yoast.com\/product\/yoast-seo-wordpress\/ -->\n<title>Cabo San Lucas Travel &amp; Vacation Blog | Ronival Vacations<\/title>\n<meta name=\"description\" content=\"Your source for things to do, area events, travel guides &amp; more for planning your next getaway to Cabo San Lucas, MX with Ronival Vacations.\" \/>\n<meta name=\"robots\" content=\"index, follow, max-snippet:-1, max-image-preview:large, max-video-preview:-1\" \/>\n<link rel=\"canonical\" href=\"https:\/\/ronivalvacations.com\/es\/baja-california-sur-travel-blogs-los-cabos-cerritos-loreto\/\" \/>\n<meta property=\"og:locale\" content=\"es_MX\" \/>\n<meta property=\"og:type\" content=\"article\" \/>\n<meta property=\"og:title\" content=\"Cabo San Lucas Travel &amp; Vacation Blog | Ronival Vacations\" \/>\n<meta property=\"og:description\" content=\"Your source for things to do, area events, travel guides &amp; more for planning your next getaway to Cabo San Lucas, MX with Ronival Vacations.\" \/>\n<meta property=\"og:url\" content=\"https:\/\/ronivalvacations.com\/es\/baja-california-sur-travel-blogs-los-cabos-cerritos-loreto\/\" \/>\n<meta property=\"og:site_name\" content=\"Ronival Vacations\" \/>\n<meta property=\"article:publisher\" content=\"https:\/\/www.facebook.com\/PropertyManagementLosCabos\" \/>\n<meta property=\"article:modified_time\" content=\"2026-03-31T00:18:52+00:00\" \/>\n<meta property=\"og:image\" content=\"https:\/\/ronivalvacations.com\/wp-content\/uploads\/los_cabos_beaches.webp\" \/>\n<meta name=\"twitter:card\" content=\"summary_large_image\" \/>\n<script type=\"application\/ld+json\" class=\"yoast-schema-graph\">{\"@context\":\"https:\/\/schema.org\",\"@graph\":[{\"@type\":\"WebPage\",\"@id\":\"https:\/\/ronivalvacations.com\/baja-california-sur-travel-blogs-los-cabos-cerritos-loreto\/\",\"url\":\"https:\/\/ronivalvacations.com\/baja-california-sur-travel-blogs-los-cabos-cerritos-loreto\/\",\"name\":\"Cabo San Lucas Travel & Vacation Blog | Ronival Vacations\",\"isPartOf\":{\"@id\":\"https:\/\/ronivalvacations.com\/#website\"},\"primaryImageOfPage\":{\"@id\":\"https:\/\/ronivalvacations.com\/baja-california-sur-travel-blogs-los-cabos-cerritos-loreto\/#primaryimage\"},\"image\":{\"@id\":\"https:\/\/ronivalvacations.com\/baja-california-sur-travel-blogs-los-cabos-cerritos-loreto\/#primaryimage\"},\"thumbnailUrl\":\"https:\/\/ronivalvacations.com\/wp-content\/uploads\/los_cabos_beaches.webp\",\"datePublished\":\"2025-12-13T17:04:40+00:00\",\"dateModified\":\"2026-03-31T00:18:52+00:00\",\"description\":\"Your source for things to do, area events, travel guides & more for planning your next getaway to Cabo San Lucas, MX with Ronival Vacations.\",\"breadcrumb\":{\"@id\":\"https:\/\/ronivalvacations.com\/baja-california-sur-travel-blogs-los-cabos-cerritos-loreto\/#breadcrumb\"},\"inLanguage\":\"es\",\"potentialAction\":[{\"@type\":\"ReadAction\",\"target\":[\"https:\/\/ronivalvacations.com\/baja-california-sur-travel-blogs-los-cabos-cerritos-loreto\/\"]}]},{\"@type\":\"ImageObject\",\"inLanguage\":\"es\",\"@id\":\"https:\/\/ronivalvacations.com\/baja-california-sur-travel-blogs-los-cabos-cerritos-loreto\/#primaryimage\",\"url\":\"https:\/\/ronivalvacations.com\/wp-content\/uploads\/los_cabos_beaches.webp\",\"contentUrl\":\"https:\/\/ronivalvacations.com\/wp-content\/uploads\/los_cabos_beaches.webp\"},{\"@type\":\"BreadcrumbList\",\"@id\":\"https:\/\/ronivalvacations.com\/baja-california-sur-travel-blogs-los-cabos-cerritos-loreto\/#breadcrumb\",\"itemListElement\":[{\"@type\":\"ListItem\",\"position\":1,\"name\":\"Home\",\"item\":\"https:\/\/ronivalvacations.com\/\"},{\"@type\":\"ListItem\",\"position\":2,\"name\":\"Baja California Sur Travel Blogs: Los Cabos, Cerritos &#038; Loreto\"}]},{\"@type\":\"WebSite\",\"@id\":\"https:\/\/ronivalvacations.com\/#website\",\"url\":\"https:\/\/ronivalvacations.com\/\",\"name\":\"Ronival Vacations\",\"description\":\"A Unique Travel Experience\",\"publisher\":{\"@id\":\"https:\/\/ronivalvacations.com\/#organization\"},\"potentialAction\":[{\"@type\":\"SearchAction\",\"target\":{\"@type\":\"EntryPoint\",\"urlTemplate\":\"https:\/\/ronivalvacations.com\/?s={search_term_string}\"},\"query-input\":{\"@type\":\"PropertyValueSpecification\",\"valueRequired\":true,\"valueName\":\"search_term_string\"}}],\"inLanguage\":\"es\"},{\"@type\":\"Organization\",\"@id\":\"https:\/\/ronivalvacations.com\/#organization\",\"name\":\"Ronival Vacations\",\"url\":\"https:\/\/ronivalvacations.com\/\",\"logo\":{\"@type\":\"ImageObject\",\"inLanguage\":\"es\",\"@id\":\"https:\/\/ronivalvacations.com\/#\/schema\/logo\/image\/\",\"url\":\"https:\/\/ronivalvacations.com\/wp-content\/uploads\/ronival-vacations-logo.png\",\"contentUrl\":\"https:\/\/ronivalvacations.com\/wp-content\/uploads\/ronival-vacations-logo.png\",\"width\":680,\"height\":312,\"caption\":\"Ronival Vacations\"},\"image\":{\"@id\":\"https:\/\/ronivalvacations.com\/#\/schema\/logo\/image\/\"},\"sameAs\":[\"https:\/\/www.facebook.com\/PropertyManagementLosCabos\",\"https:\/\/www.instagram.com\/ronivalvacations\/\",\"https:\/\/www.linkedin.com\/in\/ronival\/\"]}]}<\/script>\n<!-- \/ Yoast SEO plugin. -->","yoast_head_json":{"title":"Cabo San Lucas Viajes y Vacaciones Blog | Ronival Vacations","description":"Tu fuente para cosas que hacer, eventos del \u00e1rea, gu\u00edas de viaje y m\u00e1s para planear tu pr\u00f3xima escapada a Cabo San Lucas, MX con Ronival Vacations.","robots":{"index":"index","follow":"follow","max-snippet":"max-snippet:-1","max-image-preview":"max-image-preview:large","max-video-preview":"max-video-preview:-1"},"canonical":"https:\/\/ronivalvacations.com\/es\/baja-california-sur-travel-blogs-los-cabos-cerritos-loreto\/","og_locale":"es_MX","og_type":"article","og_title":"Cabo San Lucas Travel & Vacation Blog | Ronival Vacations","og_description":"Your source for things to do, area events, travel guides & more for planning your next getaway to Cabo San Lucas, MX with Ronival Vacations.","og_url":"https:\/\/ronivalvacations.com\/es\/baja-california-sur-travel-blogs-los-cabos-cerritos-loreto\/","og_site_name":"Ronival Vacations","article_publisher":"https:\/\/www.facebook.com\/PropertyManagementLosCabos","article_modified_time":"2026-03-31T00:18:52+00:00","og_image":[{"url":"https:\/\/ronivalvacations.com\/wp-content\/uploads\/los_cabos_beaches.webp","type":"","width":"","height":""}],"twitter_card":"summary_large_image","schema":{"@context":"https:\/\/schema.org","@graph":[{"@type":"WebPage","@id":"https:\/\/ronivalvacations.com\/baja-california-sur-travel-blogs-los-cabos-cerritos-loreto\/","url":"https:\/\/ronivalvacations.com\/baja-california-sur-travel-blogs-los-cabos-cerritos-loreto\/","name":"Cabo San Lucas Viajes y Vacaciones Blog | Ronival Vacations","isPartOf":{"@id":"https:\/\/ronivalvacations.com\/#website"},"primaryImageOfPage":{"@id":"https:\/\/ronivalvacations.com\/baja-california-sur-travel-blogs-los-cabos-cerritos-loreto\/#primaryimage"},"image":{"@id":"https:\/\/ronivalvacations.com\/baja-california-sur-travel-blogs-los-cabos-cerritos-loreto\/#primaryimage"},"thumbnailUrl":"https:\/\/ronivalvacations.com\/wp-content\/uploads\/los_cabos_beaches.webp","datePublished":"2025-12-13T17:04:40+00:00","dateModified":"2026-03-31T00:18:52+00:00","description":"Tu fuente para cosas que hacer, eventos del \u00e1rea, gu\u00edas de viaje y m\u00e1s para planear tu pr\u00f3xima escapada a Cabo San Lucas, MX con Ronival Vacations.","breadcrumb":{"@id":"https:\/\/ronivalvacations.com\/baja-california-sur-travel-blogs-los-cabos-cerritos-loreto\/#breadcrumb"},"inLanguage":"es","potentialAction":[{"@type":"ReadAction","target":["https:\/\/ronivalvacations.com\/baja-california-sur-travel-blogs-los-cabos-cerritos-loreto\/"]}]},{"@type":"ImageObject","inLanguage":"es","@id":"https:\/\/ronivalvacations.com\/baja-california-sur-travel-blogs-los-cabos-cerritos-loreto\/#primaryimage","url":"https:\/\/ronivalvacations.com\/wp-content\/uploads\/los_cabos_beaches.webp","contentUrl":"https:\/\/ronivalvacations.com\/wp-content\/uploads\/los_cabos_beaches.webp"},{"@type":"BreadcrumbList","@id":"https:\/\/ronivalvacations.com\/baja-california-sur-travel-blogs-los-cabos-cerritos-loreto\/#breadcrumb","itemListElement":[{"@type":"ListItem","position":1,"name":"Home","item":"https:\/\/ronivalvacations.com\/"},{"@type":"ListItem","position":2,"name":"Baja California Sur Travel Blogs: Los Cabos, Cerritos &#038; Loreto"}]},{"@type":"WebSite","@id":"https:\/\/ronivalvacations.com\/#website","url":"https:\/\/ronivalvacations.com\/","name":"Vacaciones en Ronival","description":"Una experiencia de viaje \u00fanica","publisher":{"@id":"https:\/\/ronivalvacations.com\/#organization"},"potentialAction":[{"@type":"SearchAction","target":{"@type":"EntryPoint","urlTemplate":"https:\/\/ronivalvacations.com\/?s={search_term_string}"},"query-input":{"@type":"PropertyValueSpecification","valueRequired":true,"valueName":"search_term_string"}}],"inLanguage":"es"},{"@type":"Organization","@id":"https:\/\/ronivalvacations.com\/#organization","name":"Vacaciones en Ronival","url":"https:\/\/ronivalvacations.com\/","logo":{"@type":"ImageObject","inLanguage":"es","@id":"https:\/\/ronivalvacations.com\/#\/schema\/logo\/image\/","url":"https:\/\/ronivalvacations.com\/wp-content\/uploads\/ronival-vacations-logo.png","contentUrl":"https:\/\/ronivalvacations.com\/wp-content\/uploads\/ronival-vacations-logo.png","width":680,"height":312,"caption":"Ronival Vacations"},"image":{"@id":"https:\/\/ronivalvacations.com\/#\/schema\/logo\/image\/"},"sameAs":["https:\/\/www.facebook.com\/PropertyManagementLosCabos","https:\/\/www.instagram.com\/ronivalvacations\/","https:\/\/www.linkedin.com\/in\/ronival\/"]}]}},"_links":{"self":[{"href":"https:\/\/ronivalvacations.com\/es\/wp-json\/wp\/v2\/pages\/3522","targetHints":{"allow":["GET"]}}],"collection":[{"href":"https:\/\/ronivalvacations.com\/es\/wp-json\/wp\/v2\/pages"}],"about":[{"href":"https:\/\/ronivalvacations.com\/es\/wp-json\/wp\/v2\/types\/page"}],"author":[{"embeddable":true,"href":"https:\/\/ronivalvacations.com\/es\/wp-json\/wp\/v2\/users\/16"}],"replies":[{"embeddable":true,"href":"https:\/\/ronivalvacations.com\/es\/wp-json\/wp\/v2\/comments?post=3522"}],"version-history":[{"count":0,"href":"https:\/\/ronivalvacations.com\/es\/wp-json\/wp\/v2\/pages\/3522\/revisions"}],"wp:attachment":[{"href":"https:\/\/ronivalvacations.com\/es\/wp-json\/wp\/v2\/media?parent=3522"}],"curies":[{"name":"wp","href":"https:\/\/api.w.org\/{rel}","templated":true}]}}