{"id":2963,"date":"2025-02-12T12:31:23","date_gmt":"2025-02-12T19:31:23","guid":{"rendered":"https:\/\/ronivalvacations.com\/?page_id=2963"},"modified":"2025-07-23T14:29:15","modified_gmt":"2025-07-23T21:29:15","slug":"politica-de-cancelacion","status":"publish","type":"page","link":"https:\/\/ronivalvacations.com\/es\/cancellation-policy\/","title":{"rendered":"Pol\u00edtica de cancelaci\u00f3n"},"content":{"rendered":"<style type=\"text\/css\" data-created_by=\"avia_inline_auto\" id=\"style-css-av-m72agpyz-be6fca79c3053439d2b171776f781938\">\n#top .av-special-heading.av-m72agpyz-be6fca79c3053439d2b171776f781938{\npadding-bottom:30px;\n}\nbody .av-special-heading.av-m72agpyz-be6fca79c3053439d2b171776f781938 .av-special-heading-tag .heading-char{\nfont-size:25px;\n}\n.av-special-heading.av-m72agpyz-be6fca79c3053439d2b171776f781938 .av-subheading{\nfont-size:15px;\n}\n<\/style>\n<div  class='av-special-heading av-m72agpyz-be6fca79c3053439d2b171776f781938 av-special-heading-h1 blockquote modern-quote modern-centered  avia-builder-el-0  el_before_av_heading  avia-builder-el-first'><h1 class='av-special-heading-tag'  itemprop=\"headline\"  >Pol\u00edtica de cancelaci\u00f3n<\/h1><div class=\"special-heading-border\"><div class=\"special-heading-inner-border\"><\/div><\/div><\/div>\n\n<style type=\"text\/css\" data-created_by=\"avia_inline_auto\" id=\"style-css-av-m72ah4tm-d9085aa67c635d343a921c3a31cf5d42\">\n#top .av-special-heading.av-m72ah4tm-d9085aa67c635d343a921c3a31cf5d42{\npadding-bottom:10px;\n}\nbody .av-special-heading.av-m72ah4tm-d9085aa67c635d343a921c3a31cf5d42 .av-special-heading-tag .heading-char{\nfont-size:25px;\n}\n.av-special-heading.av-m72ah4tm-d9085aa67c635d343a921c3a31cf5d42 .av-subheading{\nfont-size:15px;\n}\n<\/style>\n<div  class='av-special-heading av-m72ah4tm-d9085aa67c635d343a921c3a31cf5d42 av-special-heading-h2 blockquote modern-quote  avia-builder-el-1  el_after_av_heading  el_before_av_textblock'><h2 class='av-special-heading-tag'  itemprop=\"headline\"  >Villas <\/h2><div class=\"special-heading-border\"><div class=\"special-heading-inner-border\"><\/div><\/div><\/div>\n<section  class='av_textblock_section av-m72ahb63-7025a5e1a50e44423f8e5dadf8f577f2'   itemscope=\"itemscope\" itemtype=\"https:\/\/schema.org\/CreativeWork\" ><div class='avia_textblock'  itemprop=\"text\" ><p>Las reservas canceladas al menos 30 d\u00edas antes del inicio de la estancia recibir\u00e1n un reembolso de 95%. Las reservas canceladas al menos 14 d\u00edas antes del inicio de la estancia recibir\u00e1n un reembolso de 45%. Los hu\u00e9spedes que cancelen despu\u00e9s no tendr\u00e1n derecho a reembolso. Para reservas de m\u00e1s de 28 noches: Los hu\u00e9spedes que cancelen su reserva al menos 30 d\u00edas antes de la fecha de entrada recibir\u00e1n un reembolso de 95% del importe total de la reserva. A los hu\u00e9spedes que cancelen despu\u00e9s se les cobrar\u00e1n los 30 primeros d\u00edas de la reserva y recibir\u00e1n un reembolso de 95% de las fechas restantes. Para reservas de m\u00e1s de 28 d\u00edas, se requiere un dep\u00f3sito de seguridad de $500 USD por cada mes del periodo de alquiler.<\/p>\n<\/div><\/section>\n\n<style type=\"text\/css\" data-created_by=\"avia_inline_auto\" id=\"style-css-av-m72ahimh-5afd5962cf66b176ca792d834935682d\">\n#top .av-special-heading.av-m72ahimh-5afd5962cf66b176ca792d834935682d{\npadding-bottom:10px;\n}\nbody .av-special-heading.av-m72ahimh-5afd5962cf66b176ca792d834935682d .av-special-heading-tag .heading-char{\nfont-size:25px;\n}\n.av-special-heading.av-m72ahimh-5afd5962cf66b176ca792d834935682d .av-subheading{\nfont-size:15px;\n}\n<\/style>\n<div  class='av-special-heading av-m72ahimh-5afd5962cf66b176ca792d834935682d av-special-heading-h2 blockquote modern-quote  avia-builder-el-3  el_after_av_textblock  el_before_av_textblock'><h2 class='av-special-heading-tag'  itemprop=\"headline\"  >Condominios<\/h2><div class=\"special-heading-border\"><div class=\"special-heading-inner-border\"><\/div><\/div><\/div>\n<section  class='av_textblock_section av-m72ahn37-61360589c2d94592b4d46a30d66d03df'   itemscope=\"itemscope\" itemtype=\"https:\/\/schema.org\/CreativeWork\" ><div class='avia_textblock'  itemprop=\"text\" ><p data-prosemirror-content-type=\"node\" data-prosemirror-node-name=\"paragraph\" data-prosemirror-node-block=\"true\" data-pm-slice=\"1 1 []\">Los hu\u00e9spedes que cancelen su reserva al menos 14 d\u00edas antes del inicio de su estancia recibir\u00e1n un reembolso de 95% del importe total de la reserva. Los hu\u00e9spedes que cancelen su reserva al menos 7 d\u00edas antes de la fecha de entrada recibir\u00e1n un reembolso de 45% del importe total de la reserva. Los hu\u00e9spedes que cancelen despu\u00e9s de esa fecha no tendr\u00e1n derecho a reembolso. Para reservas de m\u00e1s de 28 noches: Los hu\u00e9spedes que cancelen su reserva al menos 30 d\u00edas antes de la fecha de entrada recibir\u00e1n un reembolso de 95% del importe total de la reserva. A los hu\u00e9spedes que cancelen despu\u00e9s se les cobrar\u00e1n los 30 primeros d\u00edas de la reserva y recibir\u00e1n un reembolso de 95% de las fechas restantes. Para reservas de m\u00e1s de 28 d\u00edas, se requiere un dep\u00f3sito de seguridad de $300 USD por cada mes del periodo de alquiler.<\/p>\n<\/div><\/section>","protected":false},"excerpt":{"rendered":"","protected":false},"author":6,"featured_media":0,"parent":0,"menu_order":0,"comment_status":"closed","ping_status":"closed","template":"","meta":{"footnotes":""},"class_list":["post-2963","page","type-page","status-publish","hentry"],"yoast_head":"<!-- This site is optimized with the Yoast SEO plugin v27.2 - https:\/\/yoast.com\/product\/yoast-seo-wordpress\/ -->\n<title>Ronival Vacations Cancellation Policy and Guidelines<\/title>\n<meta name=\"description\" content=\"Review our cancellation policy for rental bookings in Los Cabos and beyond. Learn about timelines, refunds, and booking terms.\" \/>\n<meta name=\"robots\" content=\"index, follow, max-snippet:-1, max-image-preview:large, max-video-preview:-1\" \/>\n<link rel=\"canonical\" href=\"https:\/\/ronivalvacations.com\/es\/politica-de-cancelacion\/\" \/>\n<meta property=\"og:locale\" content=\"es_MX\" \/>\n<meta property=\"og:type\" content=\"article\" \/>\n<meta property=\"og:title\" content=\"Ronival Vacations Cancellation Policy and Guidelines\" \/>\n<meta property=\"og:description\" content=\"Review our cancellation policy for rental bookings in Los Cabos and beyond. Learn about timelines, refunds, and booking terms.\" \/>\n<meta property=\"og:url\" content=\"https:\/\/ronivalvacations.com\/es\/politica-de-cancelacion\/\" \/>\n<meta property=\"og:site_name\" content=\"Ronival Vacations\" \/>\n<meta property=\"article:publisher\" content=\"https:\/\/www.facebook.com\/PropertyManagementLosCabos\" \/>\n<meta property=\"article:modified_time\" content=\"2025-07-23T21:29:15+00:00\" \/>\n<meta property=\"og:image\" content=\"https:\/\/ronivalvacations.com\/wp-content\/uploads\/lands-end-beach-cabo-mexico.jpg\" \/>\n\t<meta property=\"og:image:width\" content=\"450\" \/>\n\t<meta property=\"og:image:height\" content=\"350\" \/>\n\t<meta property=\"og:image:type\" content=\"image\/jpeg\" \/>\n<meta name=\"twitter:card\" content=\"summary_large_image\" \/>\n<meta name=\"twitter:label1\" content=\"Est. reading time\" \/>\n\t<meta name=\"twitter:data1\" content=\"2 minutos\" \/>\n<script type=\"application\/ld+json\" class=\"yoast-schema-graph\">{\"@context\":\"https:\/\/schema.org\",\"@graph\":[{\"@type\":\"WebPage\",\"@id\":\"https:\/\/ronivalvacations.com\/cancellation-policy\/\",\"url\":\"https:\/\/ronivalvacations.com\/cancellation-policy\/\",\"name\":\"Ronival Vacations Cancellation Policy and Guidelines\",\"isPartOf\":{\"@id\":\"https:\/\/ronivalvacations.com\/#website\"},\"datePublished\":\"2025-02-12T19:31:23+00:00\",\"dateModified\":\"2025-07-23T21:29:15+00:00\",\"description\":\"Review our cancellation policy for rental bookings in Los Cabos and beyond. Learn about timelines, refunds, and booking terms.\",\"breadcrumb\":{\"@id\":\"https:\/\/ronivalvacations.com\/cancellation-policy\/#breadcrumb\"},\"inLanguage\":\"es\",\"potentialAction\":[{\"@type\":\"ReadAction\",\"target\":[\"https:\/\/ronivalvacations.com\/cancellation-policy\/\"]}]},{\"@type\":\"BreadcrumbList\",\"@id\":\"https:\/\/ronivalvacations.com\/cancellation-policy\/#breadcrumb\",\"itemListElement\":[{\"@type\":\"ListItem\",\"position\":1,\"name\":\"Home\",\"item\":\"https:\/\/ronivalvacations.com\/\"},{\"@type\":\"ListItem\",\"position\":2,\"name\":\"Cancellation Policy\"}]},{\"@type\":\"WebSite\",\"@id\":\"https:\/\/ronivalvacations.com\/#website\",\"url\":\"https:\/\/ronivalvacations.com\/\",\"name\":\"Ronival Vacations\",\"description\":\"A Unique Travel Experience\",\"publisher\":{\"@id\":\"https:\/\/ronivalvacations.com\/#organization\"},\"potentialAction\":[{\"@type\":\"SearchAction\",\"target\":{\"@type\":\"EntryPoint\",\"urlTemplate\":\"https:\/\/ronivalvacations.com\/?s={search_term_string}\"},\"query-input\":{\"@type\":\"PropertyValueSpecification\",\"valueRequired\":true,\"valueName\":\"search_term_string\"}}],\"inLanguage\":\"es\"},{\"@type\":\"Organization\",\"@id\":\"https:\/\/ronivalvacations.com\/#organization\",\"name\":\"Ronival Vacations\",\"url\":\"https:\/\/ronivalvacations.com\/\",\"logo\":{\"@type\":\"ImageObject\",\"inLanguage\":\"es\",\"@id\":\"https:\/\/ronivalvacations.com\/#\/schema\/logo\/image\/\",\"url\":\"https:\/\/ronivalvacations.com\/wp-content\/uploads\/ronival-vacations-logo.png\",\"contentUrl\":\"https:\/\/ronivalvacations.com\/wp-content\/uploads\/ronival-vacations-logo.png\",\"width\":680,\"height\":312,\"caption\":\"Ronival Vacations\"},\"image\":{\"@id\":\"https:\/\/ronivalvacations.com\/#\/schema\/logo\/image\/\"},\"sameAs\":[\"https:\/\/www.facebook.com\/PropertyManagementLosCabos\",\"https:\/\/www.instagram.com\/ronivalvacations\/\",\"https:\/\/www.linkedin.com\/in\/ronival\/\"]}]}<\/script>\n<!-- \/ Yoast SEO plugin. -->","yoast_head_json":{"title":"Pol\u00edtica y directrices de cancelaci\u00f3n de Ronival Vacations","description":"Revise nuestra pol\u00edtica de cancelaci\u00f3n de reservas de alquiler en Los Cabos y m\u00e1s all\u00e1. Inf\u00f3rmate sobre plazos, reembolsos y condiciones de reserva.","robots":{"index":"index","follow":"follow","max-snippet":"max-snippet:-1","max-image-preview":"max-image-preview:large","max-video-preview":"max-video-preview:-1"},"canonical":"https:\/\/ronivalvacations.com\/es\/politica-de-cancelacion\/","og_locale":"es_MX","og_type":"article","og_title":"Ronival Vacations Cancellation Policy and Guidelines","og_description":"Review our cancellation policy for rental bookings in Los Cabos and beyond. Learn about timelines, refunds, and booking terms.","og_url":"https:\/\/ronivalvacations.com\/es\/politica-de-cancelacion\/","og_site_name":"Ronival Vacations","article_publisher":"https:\/\/www.facebook.com\/PropertyManagementLosCabos","article_modified_time":"2025-07-23T21:29:15+00:00","og_image":[{"width":450,"height":350,"url":"https:\/\/ronivalvacations.com\/wp-content\/uploads\/lands-end-beach-cabo-mexico.jpg","type":"image\/jpeg"}],"twitter_card":"summary_large_image","twitter_misc":{"Est. reading time":"2 minutos"},"schema":{"@context":"https:\/\/schema.org","@graph":[{"@type":"WebPage","@id":"https:\/\/ronivalvacations.com\/cancellation-policy\/","url":"https:\/\/ronivalvacations.com\/cancellation-policy\/","name":"Pol\u00edtica y directrices de cancelaci\u00f3n de Ronival Vacations","isPartOf":{"@id":"https:\/\/ronivalvacations.com\/#website"},"datePublished":"2025-02-12T19:31:23+00:00","dateModified":"2025-07-23T21:29:15+00:00","description":"Revise nuestra pol\u00edtica de cancelaci\u00f3n de reservas de alquiler en Los Cabos y m\u00e1s all\u00e1. Inf\u00f3rmate sobre plazos, reembolsos y condiciones de reserva.","breadcrumb":{"@id":"https:\/\/ronivalvacations.com\/cancellation-policy\/#breadcrumb"},"inLanguage":"es","potentialAction":[{"@type":"ReadAction","target":["https:\/\/ronivalvacations.com\/cancellation-policy\/"]}]},{"@type":"BreadcrumbList","@id":"https:\/\/ronivalvacations.com\/cancellation-policy\/#breadcrumb","itemListElement":[{"@type":"ListItem","position":1,"name":"Home","item":"https:\/\/ronivalvacations.com\/"},{"@type":"ListItem","position":2,"name":"Cancellation Policy"}]},{"@type":"WebSite","@id":"https:\/\/ronivalvacations.com\/#website","url":"https:\/\/ronivalvacations.com\/","name":"Vacaciones en Ronival","description":"Una experiencia de viaje \u00fanica","publisher":{"@id":"https:\/\/ronivalvacations.com\/#organization"},"potentialAction":[{"@type":"SearchAction","target":{"@type":"EntryPoint","urlTemplate":"https:\/\/ronivalvacations.com\/?s={search_term_string}"},"query-input":{"@type":"PropertyValueSpecification","valueRequired":true,"valueName":"search_term_string"}}],"inLanguage":"es"},{"@type":"Organization","@id":"https:\/\/ronivalvacations.com\/#organization","name":"Vacaciones en Ronival","url":"https:\/\/ronivalvacations.com\/","logo":{"@type":"ImageObject","inLanguage":"es","@id":"https:\/\/ronivalvacations.com\/#\/schema\/logo\/image\/","url":"https:\/\/ronivalvacations.com\/wp-content\/uploads\/ronival-vacations-logo.png","contentUrl":"https:\/\/ronivalvacations.com\/wp-content\/uploads\/ronival-vacations-logo.png","width":680,"height":312,"caption":"Ronival Vacations"},"image":{"@id":"https:\/\/ronivalvacations.com\/#\/schema\/logo\/image\/"},"sameAs":["https:\/\/www.facebook.com\/PropertyManagementLosCabos","https:\/\/www.instagram.com\/ronivalvacations\/","https:\/\/www.linkedin.com\/in\/ronival\/"]}]}},"_links":{"self":[{"href":"https:\/\/ronivalvacations.com\/es\/wp-json\/wp\/v2\/pages\/2963","targetHints":{"allow":["GET"]}}],"collection":[{"href":"https:\/\/ronivalvacations.com\/es\/wp-json\/wp\/v2\/pages"}],"about":[{"href":"https:\/\/ronivalvacations.com\/es\/wp-json\/wp\/v2\/types\/page"}],"author":[{"embeddable":true,"href":"https:\/\/ronivalvacations.com\/es\/wp-json\/wp\/v2\/users\/6"}],"replies":[{"embeddable":true,"href":"https:\/\/ronivalvacations.com\/es\/wp-json\/wp\/v2\/comments?post=2963"}],"version-history":[{"count":0,"href":"https:\/\/ronivalvacations.com\/es\/wp-json\/wp\/v2\/pages\/2963\/revisions"}],"wp:attachment":[{"href":"https:\/\/ronivalvacations.com\/es\/wp-json\/wp\/v2\/media?parent=2963"}],"curies":[{"name":"wp","href":"https:\/\/api.w.org\/{rel}","templated":true}]}}